{"id":479,"date":"2023-06-19T17:05:57","date_gmt":"2023-06-19T17:05:57","guid":{"rendered":"https:\/\/maisondharma.com\/?page_id=479"},"modified":"2024-06-19T09:23:42","modified_gmt":"2024-06-19T09:23:42","slug":"reservation-tarifs","status":"publish","type":"page","link":"https:\/\/maisondharma.com\/en\/reservation-tarifs\/","title":{"rendered":"RESERVATION"},"content":{"rendered":"<div data-elementor-type=\"wp-page\" data-elementor-id=\"479\" class=\"elementor elementor-479\" data-elementor-post-type=\"page\">\n\t\t\t\t\t\t<section class=\"elementor-section elementor-top-section elementor-element elementor-element-625d192 elementor-section-boxed elementor-section-height-default elementor-section-height-default elementor-invisible\" data-id=\"625d192\" data-element_type=\"section\" data-settings=\"{&quot;animation&quot;:&quot;fadeInUp&quot;,&quot;background_background&quot;:&quot;classic&quot;}\">\n\t\t\t\t\t\t<div class=\"elementor-container elementor-column-gap-default\">\n\t\t\t\t\t<div class=\"elementor-column elementor-col-50 elementor-top-column elementor-element elementor-element-8b229c1\" data-id=\"8b229c1\" data-element_type=\"column\">\n\t\t\t<div class=\"elementor-widget-wrap elementor-element-populated\">\n\t\t\t\t\t\t<div class=\"elementor-element elementor-element-cb4cced elementor-widget__width-initial elementor-widget elementor-widget-image\" data-id=\"cb4cced\" data-element_type=\"widget\" data-widget_type=\"image.default\">\n\t\t\t\t<div class=\"elementor-widget-container\">\n\t\t\t\t\t\t\t\t\t\t\t\t\t\t\t<img decoding=\"async\" src=\"https:\/\/maisondharma.com\/wp-content\/uploads\/2023\/11\/11.png\" title=\"r\u00e9servation s\u00e9jouir landes\" alt=\"r\u00e9servation s\u00e9jours landes\" loading=\"lazy\" \/>\t\t\t\t\t\t\t\t\t\t\t\t\t\t\t<\/div>\n\t\t\t\t<\/div>\n\t\t\t\t\t<\/div>\n\t\t<\/div>\n\t\t\t\t<div class=\"elementor-column elementor-col-50 elementor-top-column elementor-element elementor-element-cc99f9a\" data-id=\"cc99f9a\" data-element_type=\"column\">\n\t\t\t<div class=\"elementor-widget-wrap elementor-element-populated\">\n\t\t\t\t\t\t<div class=\"elementor-element elementor-element-714dcbb elementor-widget elementor-widget-heading\" data-id=\"714dcbb\" data-element_type=\"widget\" data-widget_type=\"heading.default\">\n\t\t\t\t<div class=\"elementor-widget-container\">\n\t\t\t\t\t<h1 class=\"elementor-heading-title elementor-size-default\">BOOKING<\/h1>\t\t\t\t<\/div>\n\t\t\t\t<\/div>\n\t\t\t\t<div class=\"elementor-element elementor-element-40b889f elementor-widget elementor-widget-heading\" data-id=\"40b889f\" data-element_type=\"widget\" data-widget_type=\"heading.default\">\n\t\t\t\t<div class=\"elementor-widget-container\">\n\t\t\t\t\t<h2 class=\"elementor-heading-title elementor-size-default\">We look forward to hearing from you !<\/h2>\t\t\t\t<\/div>\n\t\t\t\t<\/div>\n\t\t\t\t<div class=\"elementor-element elementor-element-b846535 elementor-widget__width-initial elementor-widget elementor-widget-text-editor\" data-id=\"b846535\" data-element_type=\"widget\" data-widget_type=\"text-editor.default\">\n\t\t\t\t<div class=\"elementor-widget-container\">\n\t\t\t\t\t\t\t\t\t<p class=\"p1\"><b>Do you have a question?<br \/><\/b>Don't hesitate to contact us by <b>mail<\/b> at <a href=\"mailto:contact@maisondharma.com\"><span class=\"s1\">contact@maisondharma.com<\/span><\/a> or by filling in the <a href=\"https:\/\/maisondharma.com\/en\/contact\/\">contact form<\/a><b>.<\/b><\/p>\t\t\t\t\t\t\t\t<\/div>\n\t\t\t\t<\/div>\n\t\t\t\t<div class=\"elementor-element elementor-element-d4139e6 elementor-align-left elementor-widget__width-initial elementor-mobile-align-center elementor-widget-mobile__width-initial elementor-tablet-align-center elementor-widget-tablet__width-initial elementor-widget elementor-widget-button\" data-id=\"d4139e6\" data-element_type=\"widget\" data-widget_type=\"button.default\">\n\t\t\t\t<div class=\"elementor-widget-container\">\n\t\t\t\t\t\t\t\t\t<div class=\"elementor-button-wrapper\">\n\t\t\t\t\t<a class=\"elementor-button elementor-button-link elementor-size-sm\" href=\"https:\/\/maisondharma.com\/en\/contact\/\">\n\t\t\t\t\t\t<span class=\"elementor-button-content-wrapper\">\n\t\t\t\t\t\t\t\t\t<span class=\"elementor-button-text\">I BOOK<\/span>\n\t\t\t\t\t<\/span>\n\t\t\t\t\t<\/a>\n\t\t\t\t<\/div>\n\t\t\t\t\t\t\t\t<\/div>\n\t\t\t\t<\/div>\n\t\t\t\t\t<\/div>\n\t\t<\/div>\n\t\t\t\t\t<\/div>\n\t\t<\/section>\n\t\t\t\t<\/div>","protected":false},"excerpt":{"rendered":"<p>R\u00c9SERVATION Nous sommes \u00e0 votre \u00e9coute ! Une question?N\u2019h\u00e9sitez pas \u00e0 nous contacter par mail \u00e0 contact@maisondharma.com ou en remplissant le formulaire de contact. Je r\u00e9serve<\/p>","protected":false},"author":1,"featured_media":0,"parent":0,"menu_order":0,"comment_status":"closed","ping_status":"closed","template":"","meta":{"_kad_post_transparent":"","_kad_post_title":"hide","_kad_post_layout":"fullwidth","_kad_post_sidebar_id":"","_kad_post_content_style":"unboxed","_kad_post_vertical_padding":"hide","_kad_post_feature":"hide","_kad_post_feature_position":"","_kad_post_header":false,"_kad_post_footer":false,"footnotes":""},"class_list":["post-479","page","type-page","status-publish","hentry"],"_links":{"self":[{"href":"https:\/\/maisondharma.com\/en\/wp-json\/wp\/v2\/pages\/479","targetHints":{"allow":["GET"]}}],"collection":[{"href":"https:\/\/maisondharma.com\/en\/wp-json\/wp\/v2\/pages"}],"about":[{"href":"https:\/\/maisondharma.com\/en\/wp-json\/wp\/v2\/types\/page"}],"author":[{"embeddable":true,"href":"https:\/\/maisondharma.com\/en\/wp-json\/wp\/v2\/users\/1"}],"replies":[{"embeddable":true,"href":"https:\/\/maisondharma.com\/en\/wp-json\/wp\/v2\/comments?post=479"}],"version-history":[{"count":257,"href":"https:\/\/maisondharma.com\/en\/wp-json\/wp\/v2\/pages\/479\/revisions"}],"predecessor-version":[{"id":2685,"href":"https:\/\/maisondharma.com\/en\/wp-json\/wp\/v2\/pages\/479\/revisions\/2685"}],"wp:attachment":[{"href":"https:\/\/maisondharma.com\/en\/wp-json\/wp\/v2\/media?parent=479"}],"curies":[{"name":"wp","href":"https:\/\/api.w.org\/{rel}","templated":true}]}}