{"id":471,"date":"2023-06-19T16:54:46","date_gmt":"2023-06-19T16:54:46","guid":{"rendered":"https:\/\/maisondharma.com\/?page_id=471"},"modified":"2023-11-12T16:37:36","modified_gmt":"2023-11-12T16:37:36","slug":"sejours","status":"publish","type":"page","link":"https:\/\/maisondharma.com\/en\/sejours\/","title":{"rendered":"Our stays"},"content":{"rendered":"<div data-elementor-type=\"wp-page\" data-elementor-id=\"471\" class=\"elementor elementor-471\" data-elementor-post-type=\"page\">\n\t\t\t\t\t\t<section class=\"elementor-section elementor-top-section elementor-element elementor-element-60f82607 elementor-section-boxed elementor-section-height-default elementor-section-height-default elementor-invisible\" data-id=\"60f82607\" data-element_type=\"section\" data-settings=\"{&quot;animation&quot;:&quot;fadeInUp&quot;,&quot;background_background&quot;:&quot;classic&quot;}\">\n\t\t\t\t\t\t<div class=\"elementor-container elementor-column-gap-no\">\n\t\t\t\t\t<div class=\"elementor-column elementor-col-50 elementor-top-column elementor-element elementor-element-24e13d8b\" data-id=\"24e13d8b\" data-element_type=\"column\">\n\t\t\t<div class=\"elementor-widget-wrap elementor-element-populated\">\n\t\t\t\t\t\t<div class=\"elementor-element elementor-element-44d010e elementor-widget__width-initial elementor-widget elementor-widget-image\" data-id=\"44d010e\" data-element_type=\"widget\" data-widget_type=\"image.default\">\n\t\t\t\t<div class=\"elementor-widget-container\">\n\t\t\t\t\t\t\t\t\t\t\t\t\t\t\t<img fetchpriority=\"high\" decoding=\"async\" width=\"750\" height=\"1250\" src=\"https:\/\/maisondharma.com\/wp-content\/uploads\/2023\/11\/6.png\" class=\"attachment-full size-full wp-image-2038\" alt=\"h\u00e9bergement landes\" srcset=\"https:\/\/maisondharma.com\/wp-content\/uploads\/2023\/11\/6.png 750w, https:\/\/maisondharma.com\/wp-content\/uploads\/2023\/11\/6-180x300.png 180w, https:\/\/maisondharma.com\/wp-content\/uploads\/2023\/11\/6-614x1024.png 614w, https:\/\/maisondharma.com\/wp-content\/uploads\/2023\/11\/6-7x12.png 7w\" sizes=\"(max-width: 750px) 100vw, 750px\" \/>\t\t\t\t\t\t\t\t\t\t\t\t\t\t\t<\/div>\n\t\t\t\t<\/div>\n\t\t\t\t\t<\/div>\n\t\t<\/div>\n\t\t\t\t<div class=\"elementor-column elementor-col-50 elementor-top-column elementor-element elementor-element-6d677ea4\" data-id=\"6d677ea4\" data-element_type=\"column\">\n\t\t\t<div class=\"elementor-widget-wrap elementor-element-populated\">\n\t\t\t\t\t\t<div class=\"elementor-element elementor-element-70175817 elementor-widget elementor-widget-heading\" data-id=\"70175817\" data-element_type=\"widget\" data-widget_type=\"heading.default\">\n\t\t\t\t<div class=\"elementor-widget-container\">\n\t\t\t\t\t<h1 class=\"elementor-heading-title elementor-size-default\">Organise your stay at Maison Dharma<\/h1>\t\t\t\t<\/div>\n\t\t\t\t<\/div>\n\t\t\t\t<div class=\"elementor-element elementor-element-93253f1 elementor-widget elementor-widget-text-editor\" data-id=\"93253f1\" data-element_type=\"widget\" data-widget_type=\"text-editor.default\">\n\t\t\t\t<div class=\"elementor-widget-container\">\n\t\t\t\t\t\t\t\t\t<p class=\"p1\"><b>You can book Maison Dharma<\/b> to organise <em>wellness retreats<\/em>, sports<i> <\/i>training camps<strong>,<\/strong> collaborative<i> <\/i>work sessions, team building or just for holidays.<br><strong>Your project starts here.<\/strong><\/p>\t\t\t\t\t\t\t\t<\/div>\n\t\t\t\t<\/div>\n\t\t\t\t<div class=\"elementor-element elementor-element-11b2efc5 elementor-align-left elementor-widget__width-initial elementor-tablet-align-center elementor-widget elementor-widget-button\" data-id=\"11b2efc5\" data-element_type=\"widget\" data-widget_type=\"button.default\">\n\t\t\t\t<div class=\"elementor-widget-container\">\n\t\t\t\t\t\t\t\t\t<div class=\"elementor-button-wrapper\">\n\t\t\t\t\t<a class=\"elementor-button elementor-button-link elementor-size-sm\" href=\"https:\/\/maisondharma.com\/en\/contact\/\">\n\t\t\t\t\t\t<span class=\"elementor-button-content-wrapper\">\n\t\t\t\t\t\t\t\t\t<span class=\"elementor-button-text\">Contact Audrey and Margaux<\/span>\n\t\t\t\t\t<\/span>\n\t\t\t\t\t<\/a>\n\t\t\t\t<\/div>\n\t\t\t\t\t\t\t\t<\/div>\n\t\t\t\t<\/div>\n\t\t\t\t\t<\/div>\n\t\t<\/div>\n\t\t\t\t\t<\/div>\n\t\t<\/section>\n\t\t\t\t<section class=\"elementor-section elementor-top-section elementor-element elementor-element-15dfb3c7 elementor-section-height-min-height elementor-section-boxed elementor-section-height-default elementor-section-items-middle\" data-id=\"15dfb3c7\" data-element_type=\"section\" data-settings=\"{&quot;background_background&quot;:&quot;classic&quot;}\">\n\t\t\t\t\t\t<div class=\"elementor-container elementor-column-gap-default\">\n\t\t\t\t\t<div class=\"elementor-column elementor-col-100 elementor-top-column elementor-element elementor-element-16ea75e\" data-id=\"16ea75e\" data-element_type=\"column\">\n\t\t\t<div class=\"elementor-widget-wrap\">\n\t\t\t\t\t\t\t<\/div>\n\t\t<\/div>\n\t\t\t\t\t<\/div>\n\t\t<\/section>\n\t\t\t\t<section class=\"elementor-section elementor-top-section elementor-element elementor-element-0fcdbd4 elementor-reverse-mobile elementor-section-boxed elementor-section-height-default elementor-section-height-default elementor-invisible\" data-id=\"0fcdbd4\" data-element_type=\"section\" data-settings=\"{&quot;animation&quot;:&quot;fadeInUp&quot;,&quot;background_background&quot;:&quot;classic&quot;}\">\n\t\t\t\t\t\t<div class=\"elementor-container elementor-column-gap-no\">\n\t\t\t\t\t<div class=\"elementor-column elementor-col-50 elementor-top-column elementor-element elementor-element-94e38f8\" data-id=\"94e38f8\" data-element_type=\"column\">\n\t\t\t<div class=\"elementor-widget-wrap elementor-element-populated\">\n\t\t\t\t\t\t<div class=\"elementor-element elementor-element-7d8371f elementor-widget elementor-widget-heading\" data-id=\"7d8371f\" data-element_type=\"widget\" data-widget_type=\"heading.default\">\n\t\t\t\t<div class=\"elementor-widget-container\">\n\t\t\t\t\t<h1 class=\"elementor-heading-title elementor-size-default\">Services<\/h1>\t\t\t\t<\/div>\n\t\t\t\t<\/div>\n\t\t\t\t<div class=\"elementor-element elementor-element-fd25742 elementor-widget elementor-widget-text-editor\" data-id=\"fd25742\" data-element_type=\"widget\" data-widget_type=\"text-editor.default\">\n\t\t\t\t<div class=\"elementor-widget-container\">\n\t\t\t\t\t\t\t\t\t<p class=\"p1\"><strong>Maison Dharma<\/strong> <strong>favors<\/strong> partnerships with <strong>local companies<\/strong><br \/>For this reason, we offer <em>a list of services<\/em> that we will discuss with you at the moment you book.\u00a0<\/p>\t\t\t\t\t\t\t\t<\/div>\n\t\t\t\t<\/div>\n\t\t\t\t<div class=\"elementor-element elementor-element-ee1280d elementor-align-left elementor-widget__width-initial elementor-mobile-align-center elementor-tablet-align-center elementor-widget elementor-widget-button\" data-id=\"ee1280d\" data-element_type=\"widget\" data-widget_type=\"button.default\">\n\t\t\t\t<div class=\"elementor-widget-container\">\n\t\t\t\t\t\t\t\t\t<div class=\"elementor-button-wrapper\">\n\t\t\t\t\t<a class=\"elementor-button elementor-button-link elementor-size-sm\" href=\"https:\/\/maisondharma.com\/wp-content\/uploads\/2023\/11\/2-1.png\" target=\"_blank\">\n\t\t\t\t\t\t<span class=\"elementor-button-content-wrapper\">\n\t\t\t\t\t\t\t\t\t<span class=\"elementor-button-text\">more details<\/span>\n\t\t\t\t\t<\/span>\n\t\t\t\t\t<\/a>\n\t\t\t\t<\/div>\n\t\t\t\t\t\t\t\t<\/div>\n\t\t\t\t<\/div>\n\t\t\t\t\t<\/div>\n\t\t<\/div>\n\t\t\t\t<div class=\"elementor-column elementor-col-50 elementor-top-column elementor-element elementor-element-45793e6\" data-id=\"45793e6\" data-element_type=\"column\">\n\t\t\t<div class=\"elementor-widget-wrap elementor-element-populated\">\n\t\t\t\t\t\t<div class=\"elementor-element elementor-element-1167c4b elementor-widget__width-initial elementor-widget elementor-widget-image\" data-id=\"1167c4b\" data-element_type=\"widget\" data-widget_type=\"image.default\">\n\t\t\t\t<div class=\"elementor-widget-container\">\n\t\t\t\t\t\t\t\t\t\t\t\t\t\t\t<img fetchpriority=\"high\" decoding=\"async\" width=\"750\" height=\"1250\" src=\"https:\/\/maisondharma.com\/wp-content\/uploads\/2023\/11\/6.png\" class=\"attachment-full size-full wp-image-2038\" alt=\"h\u00e9bergement landes\" srcset=\"https:\/\/maisondharma.com\/wp-content\/uploads\/2023\/11\/6.png 750w, https:\/\/maisondharma.com\/wp-content\/uploads\/2023\/11\/6-180x300.png 180w, https:\/\/maisondharma.com\/wp-content\/uploads\/2023\/11\/6-614x1024.png 614w, https:\/\/maisondharma.com\/wp-content\/uploads\/2023\/11\/6-7x12.png 7w\" sizes=\"(max-width: 750px) 100vw, 750px\" \/>\t\t\t\t\t\t\t\t\t\t\t\t\t\t\t<\/div>\n\t\t\t\t<\/div>\n\t\t\t\t\t<\/div>\n\t\t<\/div>\n\t\t\t\t\t<\/div>\n\t\t<\/section>\n\t\t\t\t<section class=\"elementor-section elementor-top-section elementor-element elementor-element-ca64d4a elementor-section-boxed elementor-section-height-default elementor-section-height-default\" data-id=\"ca64d4a\" data-element_type=\"section\" data-settings=\"{&quot;background_background&quot;:&quot;classic&quot;}\">\n\t\t\t\t\t\t<div class=\"elementor-container elementor-column-gap-default\">\n\t\t\t\t\t<div class=\"elementor-column elementor-col-100 elementor-top-column elementor-element elementor-element-53602a7\" data-id=\"53602a7\" data-element_type=\"column\">\n\t\t\t<div class=\"elementor-widget-wrap elementor-element-populated\">\n\t\t\t\t\t\t<div class=\"elementor-element elementor-element-435598f elementor-widget elementor-widget-heading\" data-id=\"435598f\" data-element_type=\"widget\" data-widget_type=\"heading.default\">\n\t\t\t\t<div class=\"elementor-widget-container\">\n\t\t\t\t\t<h2 class=\"elementor-heading-title elementor-size-default\">Upcoming events <\/h2>\t\t\t\t<\/div>\n\t\t\t\t<\/div>\n\t\t\t\t<div class=\"elementor-element elementor-element-2290e23 elementor-posts--align-center elementor-grid-3 elementor-grid-tablet-2 elementor-grid-mobile-1 elementor-posts--thumbnail-top elementor-widget elementor-widget-posts\" data-id=\"2290e23\" data-element_type=\"widget\" data-settings=\"{&quot;classic_columns&quot;:&quot;3&quot;,&quot;classic_columns_tablet&quot;:&quot;2&quot;,&quot;classic_columns_mobile&quot;:&quot;1&quot;,&quot;classic_row_gap&quot;:{&quot;unit&quot;:&quot;px&quot;,&quot;size&quot;:35,&quot;sizes&quot;:[]},&quot;classic_row_gap_tablet&quot;:{&quot;unit&quot;:&quot;px&quot;,&quot;size&quot;:&quot;&quot;,&quot;sizes&quot;:[]},&quot;classic_row_gap_mobile&quot;:{&quot;unit&quot;:&quot;px&quot;,&quot;size&quot;:&quot;&quot;,&quot;sizes&quot;:[]}}\" data-widget_type=\"posts.classic\">\n\t\t\t\t<div class=\"elementor-widget-container\">\n\t\t\t\t\t\t\t<div class=\"elementor-posts-container elementor-posts elementor-posts--skin-classic elementor-grid\" role=\"list\">\n\t\t\t\t<article class=\"elementor-post elementor-grid-item post-2935 post type-post status-publish format-standard has-post-thumbnail hentry category-uncategorized\" role=\"listitem\">\n\t\t\t\t<a class=\"elementor-post__thumbnail__link\" href=\"https:\/\/maisondharma.com\/en\/retraite-imparfaite-yoga-5\/\" tabindex=\"-1\" >\n\t\t\t<div class=\"elementor-post__thumbnail\"><img decoding=\"async\" width=\"750\" height=\"1250\" src=\"https:\/\/maisondharma.com\/wp-content\/uploads\/2023\/10\/7.png\" class=\"attachment-full size-full wp-image-2045\" alt=\"\" srcset=\"https:\/\/maisondharma.com\/wp-content\/uploads\/2023\/10\/7.png 750w, https:\/\/maisondharma.com\/wp-content\/uploads\/2023\/10\/7-180x300.png 180w, https:\/\/maisondharma.com\/wp-content\/uploads\/2023\/10\/7-614x1024.png 614w, https:\/\/maisondharma.com\/wp-content\/uploads\/2023\/10\/7-7x12.png 7w\" sizes=\"(max-width: 750px) 100vw, 750px\" \/><\/div>\n\t\t<\/a>\n\t\t\t\t<div class=\"elementor-post__text\">\n\t\t\t\t<h3 class=\"elementor-post__title\">\n\t\t\t<a href=\"https:\/\/maisondharma.com\/en\/retraite-imparfaite-yoga-5\/\" >\n\t\t\t\tRETRAITE IMPARFAITE YOGA #5\t\t\t<\/a>\n\t\t<\/h3>\n\t\t\t\t<div class=\"elementor-post__excerpt\">\n\t\t\t<p>Du 26 au 29 Mars<\/p>\n\t\t<\/div>\n\t\t\n\t\t<a class=\"elementor-post__read-more\" href=\"https:\/\/maisondharma.com\/en\/retraite-imparfaite-yoga-5\/\" aria-label=\"Read more about RETRAITE IMPARFAITE YOGA #5\" tabindex=\"-1\" >\n\t\t\tRead more \u00bb\t\t<\/a>\n\n\t\t\t\t<\/div>\n\t\t\t\t<\/article>\n\t\t\t\t<article class=\"elementor-post elementor-grid-item post-2936 post type-post status-publish format-standard has-post-thumbnail hentry category-sejour-evjf-evg tag-enterement-de-vie-de-garcon tag-enterement-de-vie-de-jeune-fille tag-evg tag-evg-landes tag-evjf tag-evjf-landes\" role=\"listitem\">\n\t\t\t\t<a class=\"elementor-post__thumbnail__link\" href=\"https:\/\/maisondharma.com\/en\/experience-maison-dharma-evjf-et-evg\/\" tabindex=\"-1\" >\n\t\t\t<div class=\"elementor-post__thumbnail\"><img decoding=\"async\" width=\"750\" height=\"1250\" src=\"https:\/\/maisondharma.com\/wp-content\/uploads\/2023\/10\/8.png\" class=\"attachment-full size-full wp-image-2049\" alt=\"\" srcset=\"https:\/\/maisondharma.com\/wp-content\/uploads\/2023\/10\/8.png 750w, https:\/\/maisondharma.com\/wp-content\/uploads\/2023\/10\/8-180x300.png 180w, https:\/\/maisondharma.com\/wp-content\/uploads\/2023\/10\/8-614x1024.png 614w, https:\/\/maisondharma.com\/wp-content\/uploads\/2023\/10\/8-7x12.png 7w\" sizes=\"(max-width: 750px) 100vw, 750px\" \/><\/div>\n\t\t<\/a>\n\t\t\t\t<div class=\"elementor-post__text\">\n\t\t\t\t<h3 class=\"elementor-post__title\">\n\t\t\t<a href=\"https:\/\/maisondharma.com\/en\/experience-maison-dharma-evjf-et-evg\/\" >\n\t\t\t\tExp\u00e9rience Maison Dharma EVJF et EVG\t\t\t<\/a>\n\t\t<\/h3>\n\t\t\t\t<div class=\"elementor-post__excerpt\">\n\t\t\t<p>Toute l&rsquo;ann\u00e9e \u00e0 Maison Dharma<\/p>\n\t\t<\/div>\n\t\t\n\t\t<a class=\"elementor-post__read-more\" href=\"https:\/\/maisondharma.com\/en\/experience-maison-dharma-evjf-et-evg\/\" aria-label=\"Read more about Exp\u00e9rience Maison Dharma EVJF et EVG\" tabindex=\"-1\" >\n\t\t\tRead more \u00bb\t\t<\/a>\n\n\t\t\t\t<\/div>\n\t\t\t\t<\/article>\n\t\t\t\t<article class=\"elementor-post elementor-grid-item post-2924 post type-post status-publish format-standard has-post-thumbnail hentry category-uncategorized\" role=\"listitem\">\n\t\t\t\t<a class=\"elementor-post__thumbnail__link\" href=\"https:\/\/maisondharma.com\/en\/constellation-familiale-par-taorigine\/\" tabindex=\"-1\" >\n\t\t\t<div class=\"elementor-post__thumbnail\"><img loading=\"lazy\" decoding=\"async\" width=\"1300\" height=\"2300\" src=\"https:\/\/maisondharma.com\/wp-content\/uploads\/2023\/11\/Sans-titre-3-1.png\" class=\"attachment-full size-full wp-image-2000\" alt=\"s\u00e9jour surf landes\" srcset=\"https:\/\/maisondharma.com\/wp-content\/uploads\/2023\/11\/Sans-titre-3-1.png 1300w, https:\/\/maisondharma.com\/wp-content\/uploads\/2023\/11\/Sans-titre-3-1-170x300.png 170w, https:\/\/maisondharma.com\/wp-content\/uploads\/2023\/11\/Sans-titre-3-1-579x1024.png 579w, https:\/\/maisondharma.com\/wp-content\/uploads\/2023\/11\/Sans-titre-3-1-768x1359.png 768w, https:\/\/maisondharma.com\/wp-content\/uploads\/2023\/11\/Sans-titre-3-1-868x1536.png 868w, https:\/\/maisondharma.com\/wp-content\/uploads\/2023\/11\/Sans-titre-3-1-1158x2048.png 1158w, https:\/\/maisondharma.com\/wp-content\/uploads\/2023\/11\/Sans-titre-3-1-7x12.png 7w\" sizes=\"(max-width: 1300px) 100vw, 1300px\" \/><\/div>\n\t\t<\/a>\n\t\t\t\t<div class=\"elementor-post__text\">\n\t\t\t\t<h3 class=\"elementor-post__title\">\n\t\t\t<a href=\"https:\/\/maisondharma.com\/en\/constellation-familiale-par-taorigine\/\" >\n\t\t\t\tConstellation familiale par Taorigine\t\t\t<\/a>\n\t\t<\/h3>\n\t\t\t\t<div class=\"elementor-post__excerpt\">\n\t\t\t<p>Du 13 mai au 17<\/p>\n\t\t<\/div>\n\t\t\n\t\t<a class=\"elementor-post__read-more\" href=\"https:\/\/maisondharma.com\/en\/constellation-familiale-par-taorigine\/\" aria-label=\"Read more about Constellation familiale par Taorigine\" tabindex=\"-1\" >\n\t\t\tRead more \u00bb\t\t<\/a>\n\n\t\t\t\t<\/div>\n\t\t\t\t<\/article>\n\t\t\t\t<\/div>\n\t\t\n\t\t\t\t\t\t<\/div>\n\t\t\t\t<\/div>\n\t\t\t\t\t<\/div>\n\t\t<\/div>\n\t\t\t\t\t<\/div>\n\t\t<\/section>\n\t\t\t\t<\/div>","protected":false},"excerpt":{"rendered":"<p>Organiser votre s\u00e9jour \u00e0 Maison dharma Vous pouvez r\u00e9server la Maison Dharma pour y organiser des retraites de bien-\u00eatre, des s\u00e9jours sportifs, des s\u00e9jours de travail en collaboration, team building ou pour vos vacances.Votre projet commence ici. Je contacte Audrey et mARGAUX Services Maison Dharma privil\u00e9gie les partenariats avec des entreprises locales.Pour cette raison, nous&#8230;<\/p>","protected":false},"author":1,"featured_media":0,"parent":0,"menu_order":0,"comment_status":"closed","ping_status":"closed","template":"","meta":{"_kad_post_transparent":"","_kad_post_title":"hide","_kad_post_layout":"fullwidth","_kad_post_sidebar_id":"","_kad_post_content_style":"unboxed","_kad_post_vertical_padding":"hide","_kad_post_feature":"hide","_kad_post_feature_position":"","_kad_post_header":false,"_kad_post_footer":false,"footnotes":""},"class_list":["post-471","page","type-page","status-publish","hentry"],"_links":{"self":[{"href":"https:\/\/maisondharma.com\/en\/wp-json\/wp\/v2\/pages\/471","targetHints":{"allow":["GET"]}}],"collection":[{"href":"https:\/\/maisondharma.com\/en\/wp-json\/wp\/v2\/pages"}],"about":[{"href":"https:\/\/maisondharma.com\/en\/wp-json\/wp\/v2\/types\/page"}],"author":[{"embeddable":true,"href":"https:\/\/maisondharma.com\/en\/wp-json\/wp\/v2\/users\/1"}],"replies":[{"embeddable":true,"href":"https:\/\/maisondharma.com\/en\/wp-json\/wp\/v2\/comments?post=471"}],"version-history":[{"count":238,"href":"https:\/\/maisondharma.com\/en\/wp-json\/wp\/v2\/pages\/471\/revisions"}],"predecessor-version":[{"id":2504,"href":"https:\/\/maisondharma.com\/en\/wp-json\/wp\/v2\/pages\/471\/revisions\/2504"}],"wp:attachment":[{"href":"https:\/\/maisondharma.com\/en\/wp-json\/wp\/v2\/media?parent=471"}],"curies":[{"name":"wp","href":"https:\/\/api.w.org\/{rel}","templated":true}]}}