{"id":392,"date":"2023-06-15T16:37:20","date_gmt":"2023-06-15T16:37:20","guid":{"rendered":"https:\/\/maisondharma.com\/?page_id=392"},"modified":"2023-11-12T16:09:03","modified_gmt":"2023-11-12T16:09:03","slug":"qui-sommes-nous","status":"publish","type":"page","link":"https:\/\/maisondharma.com\/en\/qui-sommes-nous\/","title":{"rendered":"Who are we ?"},"content":{"rendered":"<div data-elementor-type=\"wp-page\" data-elementor-id=\"392\" class=\"elementor elementor-392\" data-elementor-post-type=\"page\">\n\t\t\t\t\t\t<section class=\"elementor-section elementor-top-section elementor-element elementor-element-51b0afef elementor-section-boxed elementor-section-height-default elementor-section-height-default elementor-invisible\" data-id=\"51b0afef\" data-element_type=\"section\" data-settings=\"{&quot;animation&quot;:&quot;fadeInUp&quot;,&quot;background_background&quot;:&quot;classic&quot;,&quot;shape_divider_top&quot;:&quot;mountains&quot;}\">\n\t\t\t\t\t<div class=\"elementor-shape elementor-shape-top\" aria-hidden=\"true\" data-negative=\"false\">\n\t\t\t<svg xmlns=\"http:\/\/www.w3.org\/2000\/svg\" viewbox=\"0 0 1000 100\" preserveaspectratio=\"none\">\n\t<path class=\"elementor-shape-fill\" opacity=\"0.33\" d=\"M473,67.3c-203.9,88.3-263.1-34-320.3,0C66,119.1,0,59.7,0,59.7V0h1000v59.7 c0,0-62.1,26.1-94.9,29.3c-32.8,3.3-62.8-12.3-75.8-22.1C806,49.6,745.3,8.7,694.9,4.7S492.4,59,473,67.3z\"\/>\n\t<path class=\"elementor-shape-fill\" opacity=\"0.66\" d=\"M734,67.3c-45.5,0-77.2-23.2-129.1-39.1c-28.6-8.7-150.3-10.1-254,39.1 s-91.7-34.4-149.2,0C115.7,118.3,0,39.8,0,39.8V0h1000v36.5c0,0-28.2-18.5-92.1-18.5C810.2,18.1,775.7,67.3,734,67.3z\"\/>\n\t<path class=\"elementor-shape-fill\" d=\"M766.1,28.9c-200-57.5-266,65.5-395.1,19.5C242,1.8,242,5.4,184.8,20.6C128,35.8,132.3,44.9,89.9,52.5C28.6,63.7,0,0,0,0 h1000c0,0-9.9,40.9-83.6,48.1S829.6,47,766.1,28.9z\"\/>\n<\/svg>\t\t<\/div>\n\t\t\t\t\t<div class=\"elementor-container elementor-column-gap-no\">\n\t\t\t\t\t<div class=\"elementor-column elementor-col-50 elementor-top-column elementor-element elementor-element-4f0708b2\" data-id=\"4f0708b2\" data-element_type=\"column\">\n\t\t\t<div class=\"elementor-widget-wrap elementor-element-populated\">\n\t\t\t\t\t\t<div class=\"elementor-element elementor-element-25f3ce4a elementor-widget__width-initial elementor-widget elementor-widget-image\" data-id=\"25f3ce4a\" data-element_type=\"widget\" data-widget_type=\"image.default\">\n\t\t\t\t<div class=\"elementor-widget-container\">\n\t\t\t\t\t\t\t\t\t\t\t\t\t\t\t<img fetchpriority=\"high\" decoding=\"async\" width=\"750\" height=\"1250\" src=\"https:\/\/maisondharma.com\/wp-content\/uploads\/2023\/11\/5-1.png\" class=\"attachment-full size-full wp-image-2034\" alt=\"s\u00e9jour mimizan\" srcset=\"https:\/\/maisondharma.com\/wp-content\/uploads\/2023\/11\/5-1.png 750w, https:\/\/maisondharma.com\/wp-content\/uploads\/2023\/11\/5-1-180x300.png 180w, https:\/\/maisondharma.com\/wp-content\/uploads\/2023\/11\/5-1-614x1024.png 614w, https:\/\/maisondharma.com\/wp-content\/uploads\/2023\/11\/5-1-7x12.png 7w\" sizes=\"(max-width: 750px) 100vw, 750px\" \/>\t\t\t\t\t\t\t\t\t\t\t\t\t\t\t<\/div>\n\t\t\t\t<\/div>\n\t\t\t\t\t<\/div>\n\t\t<\/div>\n\t\t\t\t<div class=\"elementor-column elementor-col-50 elementor-top-column elementor-element elementor-element-4d1e7369\" data-id=\"4d1e7369\" data-element_type=\"column\">\n\t\t\t<div class=\"elementor-widget-wrap elementor-element-populated\">\n\t\t\t\t\t\t<div class=\"elementor-element elementor-element-7d46c99e elementor-widget elementor-widget-heading\" data-id=\"7d46c99e\" data-element_type=\"widget\" data-widget_type=\"heading.default\">\n\t\t\t\t<div class=\"elementor-widget-container\">\n\t\t\t\t\t<h1 class=\"elementor-heading-title elementor-size-default\">Margaux &amp; Audrey<\/h1>\t\t\t\t<\/div>\n\t\t\t\t<\/div>\n\t\t\t\t<div class=\"elementor-element elementor-element-b8c0fe5 elementor-widget elementor-widget-heading\" data-id=\"b8c0fe5\" data-element_type=\"widget\" data-widget_type=\"heading.default\">\n\t\t\t\t<div class=\"elementor-widget-container\">\n\t\t\t\t\t<h2 class=\"elementor-heading-title elementor-size-default\">Chill, Surf &amp; Work<\/h2>\t\t\t\t<\/div>\n\t\t\t\t<\/div>\n\t\t\t\t<div class=\"elementor-element elementor-element-780d8553 elementor-widget elementor-widget-text-editor\" data-id=\"780d8553\" data-element_type=\"widget\" data-widget_type=\"text-editor.default\">\n\t\t\t\t<div class=\"elementor-widget-container\">\n\t\t\t\t\t\t\t\t\t<p class=\"p1\"><strong>We are two sisters from Mimizan and Maison Dharma was our family home ! <br \/><\/strong>The place where we dreamt of our future when we were teenagers and which has now become a wonderful tool in our personal development.<br \/><em><strong>We'd like to make this tool available to you so that you too can be in your Dharma !<\/strong><\/em><\/p>\t\t\t\t\t\t\t\t<\/div>\n\t\t\t\t<\/div>\n\t\t\t\t<div class=\"elementor-element elementor-element-5752605 elementor-drop-cap-yes elementor-drop-cap-view-default elementor-widget elementor-widget-text-editor\" data-id=\"5752605\" data-element_type=\"widget\" data-settings=\"{&quot;drop_cap&quot;:&quot;yes&quot;}\" data-widget_type=\"text-editor.default\">\n\t\t\t\t<div class=\"elementor-widget-container\">\n\t\t\t\t\t\t\t\t\t<p class=\"p1\">Audrey left France for the Netherlands 16 years ago out of love for a handsome Dutchman she met in Mimizan and with whom she now has a 9-year-old daughter. In life, she combines science and entrepreneurship to make a difference in the acquisition of foreign languages.<\/p>\t\t\t\t\t\t\t\t<\/div>\n\t\t\t\t<\/div>\n\t\t\t\t<div class=\"elementor-element elementor-element-01877b4 elementor-drop-cap-yes elementor-drop-cap-view-default elementor-widget elementor-widget-text-editor\" data-id=\"01877b4\" data-element_type=\"widget\" data-settings=\"{&quot;drop_cap&quot;:&quot;yes&quot;}\" data-widget_type=\"text-editor.default\">\n\t\t\t\t<div class=\"elementor-widget-container\">\n\t\t\t\t\t\t\t\t\t<p class=\"p1\">Margaux has lived in Paris for 15 years to pursue her artistic passions in fashion and film. She accompanies adults and children in their quest for well-being and self-knowledge through the science of kundalini yoga, breathwalk, rituals of presence and meditative walking. She also organises stays and retreats in these fields.<\/p>\t\t\t\t\t\t\t\t<\/div>\n\t\t\t\t<\/div>\n\t\t\t\t<div class=\"elementor-element elementor-element-28886cca elementor-align-left elementor-widget__width-initial elementor-mobile-align-center elementor-tablet-align-center elementor-widget elementor-widget-button\" data-id=\"28886cca\" data-element_type=\"widget\" data-widget_type=\"button.default\">\n\t\t\t\t<div class=\"elementor-widget-container\">\n\t\t\t\t\t\t\t\t\t<div class=\"elementor-button-wrapper\">\n\t\t\t\t\t<a class=\"elementor-button elementor-button-link elementor-size-sm\" href=\"https:\/\/maisondharma.com\/en\/contact\/\">\n\t\t\t\t\t\t<span class=\"elementor-button-content-wrapper\">\n\t\t\t\t\t\t\t\t\t<span class=\"elementor-button-text\">contact form<\/span>\n\t\t\t\t\t<\/span>\n\t\t\t\t\t<\/a>\n\t\t\t\t<\/div>\n\t\t\t\t\t\t\t\t<\/div>\n\t\t\t\t<\/div>\n\t\t\t\t\t<\/div>\n\t\t<\/div>\n\t\t\t\t\t<\/div>\n\t\t<\/section>\n\t\t\t\t<\/div>","protected":false},"excerpt":{"rendered":"<p>Margaux &#038; Audrey Chill, Surf &#038; Work Nous sommes deux s\u0153urs originaires de Mimizan et Maison Dharma \u00e9tait notre maison de famille ! Celle o\u00f9 on a r\u00eav\u00e9 de notre avenir quand on \u00e9tait adolescentes et qui est devenue maintenant un outil merveilleux pour nous r\u00e9aliser.Cet outil, nous souhaitons le mettre \u00e0 votre disposition pour&#8230;<\/p>","protected":false},"author":1,"featured_media":0,"parent":0,"menu_order":0,"comment_status":"closed","ping_status":"closed","template":"","meta":{"_kad_post_transparent":"","_kad_post_title":"hide","_kad_post_layout":"fullwidth","_kad_post_sidebar_id":"","_kad_post_content_style":"unboxed","_kad_post_vertical_padding":"hide","_kad_post_feature":"hide","_kad_post_feature_position":"","_kad_post_header":false,"_kad_post_footer":false,"footnotes":""},"class_list":["post-392","page","type-page","status-publish","hentry"],"_links":{"self":[{"href":"https:\/\/maisondharma.com\/en\/wp-json\/wp\/v2\/pages\/392","targetHints":{"allow":["GET"]}}],"collection":[{"href":"https:\/\/maisondharma.com\/en\/wp-json\/wp\/v2\/pages"}],"about":[{"href":"https:\/\/maisondharma.com\/en\/wp-json\/wp\/v2\/types\/page"}],"author":[{"embeddable":true,"href":"https:\/\/maisondharma.com\/en\/wp-json\/wp\/v2\/users\/1"}],"replies":[{"embeddable":true,"href":"https:\/\/maisondharma.com\/en\/wp-json\/wp\/v2\/comments?post=392"}],"version-history":[{"count":148,"href":"https:\/\/maisondharma.com\/en\/wp-json\/wp\/v2\/pages\/392\/revisions"}],"predecessor-version":[{"id":2494,"href":"https:\/\/maisondharma.com\/en\/wp-json\/wp\/v2\/pages\/392\/revisions\/2494"}],"wp:attachment":[{"href":"https:\/\/maisondharma.com\/en\/wp-json\/wp\/v2\/media?parent=392"}],"curies":[{"name":"wp","href":"https:\/\/api.w.org\/{rel}","templated":true}]}}